{"id":2035,"date":"2016-09-26T12:26:23","date_gmt":"2016-09-26T12:26:23","guid":{"rendered":"https:\/\/demo.mekshq.com\/gridlove\/?page_id=2035"},"modified":"2025-08-22T11:11:58","modified_gmt":"2025-08-22T11:11:58","slug":"iletisim","status":"publish","type":"page","link":"https:\/\/www.medireise.com\/tr\/iletisim\/","title":{"rendered":"\u0130LET\u0130\u015e\u0130M"},"content":{"rendered":"\n<blockquote class=\"wp-block-quote is-layout-flow wp-block-quote-is-layout-flow\">\n<p>CSK HEALTY GmbH BREMEN<\/p>\n\n\n\n<p>Adresse: Wartburgstra\u00dfe 86, 28217 Bremen<br>Telefon: +49 1525 191 5132 (Safinaz KARA)<br>Telefon: +49 1525 191 5130 (Cafer KARA)<\/p>\n<\/blockquote>\n\n\n<div class=\"wpforms-container wpforms-container-full wpforms-block wpforms-block-3b1003b9-47c2-4442-86ae-3247d80b8a8f wpforms-render-modern\" id=\"wpforms-2384\"><form id=\"wpforms-form-2384\" class=\"wpforms-validate wpforms-form\" data-formid=\"2384\" method=\"post\" enctype=\"multipart\/form-data\" action=\"\/tr\/wp-json\/wp\/v2\/pages\/2035\" data-token=\"e0f46403fd386130ac43ddb06eca5269\" data-token-time=\"1775640607\"><noscript class=\"wpforms-error-noscript\">Bu formu bitirebilmek i\u00e7in taray\u0131c\u0131n\u0131zda JavaScript&#039;i etkinle\u015ftirin.<\/noscript><div id=\"wpforms-error-noscript\" style=\"display: none;\">Bu formu bitirebilmek i\u00e7in taray\u0131c\u0131n\u0131zda JavaScript&#039;i etkinle\u015ftirin.<\/div><div class=\"wpforms-field-container\"><div id=\"wpforms-2384-field_0-container\" class=\"wpforms-field wpforms-field-name\" data-field-id=\"0\"><label class=\"wpforms-field-label\" for=\"wpforms-2384-field_0\">Ad Soyad <span class=\"wpforms-required-label\" aria-hidden=\"true\">*<\/span><\/label><input type=\"text\" id=\"wpforms-2384-field_0\" class=\"wpforms-field-large wpforms-field-required\" name=\"wpforms[fields][0]\" aria-errormessage=\"wpforms-2384-field_0-error\" required><\/div><div id=\"wpforms-2384-field_1-container\" class=\"wpforms-field wpforms-field-email\" data-field-id=\"1\"><label class=\"wpforms-field-label\" for=\"wpforms-2384-field_1\">E-Mail Adresiniz <span class=\"wpforms-required-label\" aria-hidden=\"true\">*<\/span><\/label><input type=\"email\" id=\"wpforms-2384-field_1\" class=\"wpforms-field-large wpforms-field-required\" name=\"wpforms[fields][1]\" spellcheck=\"false\" aria-errormessage=\"wpforms-2384-field_1-error\" required><\/div><div id=\"wpforms-2384-field_3-container\" class=\"wpforms-field wpforms-field-text\" data-field-id=\"3\"><label class=\"wpforms-field-label\" for=\"wpforms-2384-field_3\">Konu<\/label><input type=\"text\" id=\"wpforms-2384-field_3\" class=\"wpforms-field-large\" name=\"wpforms[fields][3]\" aria-errormessage=\"wpforms-2384-field_3-error\" ><\/div><div id=\"wpforms-2384-field_2-container\" class=\"wpforms-field wpforms-field-textarea\" data-field-id=\"2\"><label class=\"wpforms-field-label\" for=\"wpforms-2384-field_2\">Mesaj <span class=\"wpforms-required-label\" aria-hidden=\"true\">*<\/span><\/label><textarea id=\"wpforms-2384-field_2\" class=\"wpforms-field-medium wpforms-field-required\" name=\"wpforms[fields][2]\" aria-errormessage=\"wpforms-2384-field_2-error\" required><\/textarea><\/div><\/div><!-- .wpforms-field-container --><div class=\"wpforms-field wpforms-field-hp\"><label for=\"wpforms-2384-field-hp\" class=\"wpforms-field-label\">Email<\/label><input type=\"text\" name=\"wpforms[hp]\" id=\"wpforms-2384-field-hp\" class=\"wpforms-field-medium\"><\/div><div class=\"wpforms-submit-container\" ><input type=\"hidden\" name=\"wpforms[id]\" value=\"2384\"><input type=\"hidden\" name=\"page_title\" value=\"\"><input type=\"hidden\" name=\"page_url\" value=\"https:\/\/www.medireise.com\/tr\/wp-json\/wp\/v2\/pages\/2035\"><input type=\"hidden\" name=\"url_referer\" value=\"\"><button type=\"submit\" name=\"wpforms[submit]\" id=\"wpforms-submit-2384\" class=\"wpforms-submit\" data-alt-text=\"G\u00f6nderiliyor...\" data-submit-text=\"G\u00f6nder\" aria-live=\"assertive\" value=\"wpforms-submit\">G\u00f6nder<\/button><\/div><\/form><\/div>  <!-- .wpforms-container -->","protected":false},"excerpt":{"rendered":"<p>CSK HEALTY GmbH BREMEN Adresse: Wartburgstra\u00dfe 86, 28217 BremenTelefon: +49 1525 191 5132 (Safinaz KARA)Telefon: +49 1525 191 5130 (Cafer KARA)<\/p>\n","protected":false},"author":1,"featured_media":0,"parent":0,"menu_order":0,"comment_status":"closed","ping_status":"closed","template":"","meta":{"_joinchat":[],"footnotes":""},"class_list":["post-2035","page","type-page","status-publish","hentry"],"_links":{"self":[{"href":"https:\/\/www.medireise.com\/tr\/wp-json\/wp\/v2\/pages\/2035","targetHints":{"allow":["GET"]}}],"collection":[{"href":"https:\/\/www.medireise.com\/tr\/wp-json\/wp\/v2\/pages"}],"about":[{"href":"https:\/\/www.medireise.com\/tr\/wp-json\/wp\/v2\/types\/page"}],"author":[{"embeddable":true,"href":"https:\/\/www.medireise.com\/tr\/wp-json\/wp\/v2\/users\/1"}],"replies":[{"embeddable":true,"href":"https:\/\/www.medireise.com\/tr\/wp-json\/wp\/v2\/comments?post=2035"}],"version-history":[{"count":4,"href":"https:\/\/www.medireise.com\/tr\/wp-json\/wp\/v2\/pages\/2035\/revisions"}],"predecessor-version":[{"id":2873,"href":"https:\/\/www.medireise.com\/tr\/wp-json\/wp\/v2\/pages\/2035\/revisions\/2873"}],"wp:attachment":[{"href":"https:\/\/www.medireise.com\/tr\/wp-json\/wp\/v2\/media?parent=2035"}],"curies":[{"name":"wp","href":"https:\/\/api.w.org\/{rel}","templated":true}]}}